{"id":660,"date":"2024-02-16T13:43:20","date_gmt":"2024-02-16T13:43:20","guid":{"rendered":"https:\/\/auto-kuhn.com\/Start\/?page_id=660"},"modified":"2025-01-17T06:59:42","modified_gmt":"2025-01-17T06:59:42","slug":"ueber-uns","status":"publish","type":"page","link":"https:\/\/auto-kuhn.com\/Start\/home\/ueber-uns","title":{"rendered":"\u00dcber uns"},"content":{"rendered":"<p>[et_pb_section fb_built=&#8220;1&#8243; _builder_version=&#8220;4.24.0&#8243; _module_preset=&#8220;default&#8220; da_disable_devices=&#8220;off|off|off&#8220; global_colors_info=&#8220;{}&#8220; da_is_popup=&#8220;off&#8220; da_exit_intent=&#8220;off&#8220; da_has_close=&#8220;on&#8220; da_alt_close=&#8220;off&#8220; da_dark_close=&#8220;off&#8220; da_not_modal=&#8220;on&#8220; da_is_singular=&#8220;off&#8220; da_with_loader=&#8220;off&#8220; da_has_shadow=&#8220;on&#8220;][et_pb_row column_structure=&#8220;3_5,2_5&#8243; _builder_version=&#8220;4.24.0&#8243; _module_preset=&#8220;default&#8220; global_colors_info=&#8220;{}&#8220;][et_pb_column type=&#8220;3_5&#8243; _builder_version=&#8220;4.24.0&#8243; _module_preset=&#8220;default&#8220; global_colors_info=&#8220;{}&#8220;][et_pb_text _builder_version=&#8220;4.24.0&#8243; _module_preset=&#8220;default&#8220; text_font=&#8220;MMC Regular||||||||&#8220; text_font_size=&#8220;19px&#8220; header_2_font_size=&#8220;24px&#8220; global_colors_info=&#8220;{}&#8220;]<\/p>\n<h2 class=\"p1\"><span class=\"s1\">Willkommen bei Auto-Kuhn &#8211; Ihrem exklusiven Mitsubishi- und ORA- Vertragsh\u00e4ndler in Modau<\/span><\/h2>\n<p class=\"p1\"><span class=\"s1\">Seit stolzen 54 Jahren steht der Name Auto-Kuhn f\u00fcr Qualit\u00e4t, Zuverl\u00e4ssigkeit und Fachkompetenz. Als langj\u00e4hriger Mitsubishi-Vertragsh\u00e4ndler k\u00f6nnen wir auf eine 45-j\u00e4hrige exklusive Partnerschaft zur\u00fcckblicken. Unser Engagement geht jedoch weit \u00fcber den reinen Verkauf hinaus. Seit 28 Jahren bieten wir einen Instandsetzungsservice f\u00fcr elektronische Bauteile in Europa an und sind seit 24 Jahren stolzer Diagnosest\u00fctzpunkt f\u00fcr Mitsubishi-Motors Deutschland.<\/span><\/p>\n<p class=\"p1\"><span class=\"s1\">Die technische Entwicklung von Fahrzeugen hat sich in den letzten Jahren rasant und innovativ entwickelt. Doch wir bei Auto-Kuhn sind stets am Puls der Zeit. Als erster Mitsubishi-H\u00e4ndler in Deutschland sind wir bereits f\u00fcr die neue Generation von Fahrzeugen bereit und zertifiziert. Egal ob modernste Dieseltechnik, Mikroelektronik oder Elektrofahrzeuge &#8211; wir sind Ihre kompetenten Ansprechpartner.<\/span><\/p>\n<p class=\"p1\"><span class=\"s1\">Auch beim Kauf eines Gebrauchtwagens k\u00f6nnen Sie sich auf uns verlassen. Jedes Fahrzeug wird von unseren Experten professionell gepr\u00fcft und gewartet. Wir liefern Gebrauchtwagen mit 2 Jahren HU\/AU, einer frischen Inspektion und unserer TOP-Garantie aus, damit Sie rundum zufrieden sind. Unser Name steht f\u00fcr Qualit\u00e4t.<\/span><\/p>\n<p class=\"p2\"><span class=\"s1\">Wir laden Sie herzlich ein, uns in unserem Autohaus in Modau zu besuchen und sich selbst von unserem erstklassigen Service und unserer fachlichen Kompetenz zu \u00fcberzeugen.<\/span><\/p>\n<p>[\/et_pb_text][\/et_pb_column][et_pb_column type=&#8220;2_5&#8243; _builder_version=&#8220;4.24.0&#8243; _module_preset=&#8220;default&#8220; global_colors_info=&#8220;{}&#8220;][et_pb_image src=&#8220;https:\/\/auto-kuhn.com\/wp-content\/uploads\/2024\/02\/original_62230f80d4d94d62be31df14_63a0351bef00b5.86194436.webp&#8220; title_text=&#8220;original_62230f80d4d94d62be31df14_63a0351bef00b5.86194436&#8243; _builder_version=&#8220;4.24.0&#8243; _module_preset=&#8220;default&#8220; border_radii=&#8220;on|8px|8px|8px|8px&#8220; global_colors_info=&#8220;{}&#8220;][\/et_pb_image][\/et_pb_column][\/et_pb_row][et_pb_row _builder_version=&#8220;4.24.0&#8243; _module_preset=&#8220;default&#8220; global_colors_info=&#8220;{}&#8220;][et_pb_column type=&#8220;4_4&#8243; _builder_version=&#8220;4.24.0&#8243; _module_preset=&#8220;default&#8220; global_colors_info=&#8220;{}&#8220;][et_pb_text _builder_version=&#8220;4.24.0&#8243; _module_preset=&#8220;1802a9ce-be52-44eb-bfb0-3d663756e52a&#8220; global_colors_info=&#8220;{}&#8220;]<\/p>\n<h2 class=\"p1\">Kontakt<\/h2>\n<p>[\/et_pb_text][\/et_pb_column][\/et_pb_row][et_pb_row column_structure=&#8220;1_2,1_2&#8243; _builder_version=&#8220;4.24.0&#8243; _module_preset=&#8220;default&#8220; global_colors_info=&#8220;{}&#8220;][et_pb_column type=&#8220;1_2&#8243; _builder_version=&#8220;4.24.0&#8243; _module_preset=&#8220;default&#8220; global_colors_info=&#8220;{}&#8220;][et_pb_text _builder_version=&#8220;4.24.0&#8243; _module_preset=&#8220;default&#8220; text_font=&#8220;||||||||&#8220; global_colors_info=&#8220;{}&#8220;]<\/p>\n<p class=\"p1\"><strong>Anschrift<br \/><\/strong>Auto-Kuhn GmbH &amp; Co.KG<br \/>Odenwaldstra\u00dfe 36<br \/>64372 Ober-Ramstadt<\/p>\n<p class=\"p1\">Telefon: 06154-62600<br \/>Telefax: 06154-626040<\/p>\n<p class=\"p1\">E-Mail: zentrale@auto-kuhn.com<\/p>\n<p>[\/et_pb_text][\/et_pb_column][et_pb_column type=&#8220;1_2&#8243; _builder_version=&#8220;4.24.0&#8243; _module_preset=&#8220;default&#8220; global_colors_info=&#8220;{}&#8220;][et_pb_text _builder_version=&#8220;4.24.0&#8243; _module_preset=&#8220;default&#8220; text_font=&#8220;||||||||&#8220; global_colors_info=&#8220;{}&#8220;]<\/p>\n<p class=\"p1\"><strong>Ihr direkter Kontakt zu uns<br \/><\/strong><\/p>\n<p>[\/et_pb_text][et_pb_contact_form captcha=&#8220;off&#8220; email=&#8220;zentrale@auto-kuhn.com&#8220; custom_message=&#8220;Nachricht: %%Message%%||et_pb_line_break_holder||||et_pb_line_break_holder||E-Mail: %%Email%%||et_pb_line_break_holder||Name: %%Name%%||et_pb_line_break_holder||Telefon: %%Telefon%%&#8220; success_message=&#8220;Vielen Dank f\u00fcr Ihre Nachricht. Wir melden uns schnellstm\u00f6glich bei Ihnen.&#8220; _builder_version=&#8220;4.24.0&#8243; _module_preset=&#8220;default&#8220; _unique_id=&#8220;00d3afc8-c426-4d14-8dc8-653997643b00&#8243; custom_button=&#8220;on&#8220; button_text_color=&#8220;#E2231A&#8220; button_border_radius=&#8220;7px&#8220; global_colors_info=&#8220;{}&#8220;][et_pb_contact_field field_id=&#8220;Name&#8220; field_title=&#8220;Name&#8220; min_length=&#8220;2&#8243; allowed_symbols=&#8220;letters&#8220; _builder_version=&#8220;4.24.0&#8243; global_colors_info=&#8220;{}&#8220; button_text_size__hover_enabled=&#8220;off&#8220; button_one_text_size__hover_enabled=&#8220;off&#8220; button_two_text_size__hover_enabled=&#8220;off&#8220; button_text_color__hover_enabled=&#8220;off&#8220; button_one_text_color__hover_enabled=&#8220;off&#8220; button_two_text_color__hover_enabled=&#8220;off&#8220; button_border_width__hover_enabled=&#8220;off&#8220; button_one_border_width__hover_enabled=&#8220;off&#8220; button_two_border_width__hover_enabled=&#8220;off&#8220; button_border_color__hover_enabled=&#8220;off&#8220; button_one_border_color__hover_enabled=&#8220;off&#8220; button_two_border_color__hover_enabled=&#8220;off&#8220; button_border_radius__hover_enabled=&#8220;off&#8220; button_one_border_radius__hover_enabled=&#8220;off&#8220; button_two_border_radius__hover_enabled=&#8220;off&#8220; button_letter_spacing__hover_enabled=&#8220;off&#8220; button_one_letter_spacing__hover_enabled=&#8220;off&#8220; button_two_letter_spacing__hover_enabled=&#8220;off&#8220; button_bg_color__hover_enabled=&#8220;off&#8220; button_one_bg_color__hover_enabled=&#8220;off&#8220; button_two_bg_color__hover_enabled=&#8220;off&#8220;][\/et_pb_contact_field][et_pb_contact_field field_id=&#8220;Email&#8220; field_title=&#8220;E-Mail-Adresse&#8220; field_type=&#8220;email&#8220; _builder_version=&#8220;4.24.0&#8243; global_colors_info=&#8220;{}&#8220; button_text_size__hover_enabled=&#8220;off&#8220; button_one_text_size__hover_enabled=&#8220;off&#8220; button_two_text_size__hover_enabled=&#8220;off&#8220; button_text_color__hover_enabled=&#8220;off&#8220; button_one_text_color__hover_enabled=&#8220;off&#8220; button_two_text_color__hover_enabled=&#8220;off&#8220; button_border_width__hover_enabled=&#8220;off&#8220; button_one_border_width__hover_enabled=&#8220;off&#8220; button_two_border_width__hover_enabled=&#8220;off&#8220; button_border_color__hover_enabled=&#8220;off&#8220; button_one_border_color__hover_enabled=&#8220;off&#8220; button_two_border_color__hover_enabled=&#8220;off&#8220; button_border_radius__hover_enabled=&#8220;off&#8220; button_one_border_radius__hover_enabled=&#8220;off&#8220; button_two_border_radius__hover_enabled=&#8220;off&#8220; button_letter_spacing__hover_enabled=&#8220;off&#8220; button_one_letter_spacing__hover_enabled=&#8220;off&#8220; button_two_letter_spacing__hover_enabled=&#8220;off&#8220; button_bg_color__hover_enabled=&#8220;off&#8220; button_one_bg_color__hover_enabled=&#8220;off&#8220; button_two_bg_color__hover_enabled=&#8220;off&#8220;][\/et_pb_contact_field][et_pb_contact_field field_id=&#8220;Telefon&#8220; field_title=&#8220;Telefon&#8220; allowed_symbols=&#8220;numbers&#8220; required_mark=&#8220;off&#8220; fullwidth_field=&#8220;on&#8220; _builder_version=&#8220;4.24.0&#8243; _module_preset=&#8220;default&#8220; global_colors_info=&#8220;{}&#8220;][\/et_pb_contact_field][et_pb_contact_field field_id=&#8220;Message&#8220; field_title=&#8220;Ihre Nachricht an uns&#8220; field_type=&#8220;text&#8220; fullwidth_field=&#8220;on&#8220; _builder_version=&#8220;4.24.0&#8243; global_colors_info=&#8220;{}&#8220; button_text_size__hover_enabled=&#8220;off&#8220; button_one_text_size__hover_enabled=&#8220;off&#8220; button_two_text_size__hover_enabled=&#8220;off&#8220; button_text_color__hover_enabled=&#8220;off&#8220; button_one_text_color__hover_enabled=&#8220;off&#8220; button_two_text_color__hover_enabled=&#8220;off&#8220; button_border_width__hover_enabled=&#8220;off&#8220; button_one_border_width__hover_enabled=&#8220;off&#8220; button_two_border_width__hover_enabled=&#8220;off&#8220; button_border_color__hover_enabled=&#8220;off&#8220; button_one_border_color__hover_enabled=&#8220;off&#8220; button_two_border_color__hover_enabled=&#8220;off&#8220; button_border_radius__hover_enabled=&#8220;off&#8220; button_one_border_radius__hover_enabled=&#8220;off&#8220; button_two_border_radius__hover_enabled=&#8220;off&#8220; button_letter_spacing__hover_enabled=&#8220;off&#8220; button_one_letter_spacing__hover_enabled=&#8220;off&#8220; button_two_letter_spacing__hover_enabled=&#8220;off&#8220; button_bg_color__hover_enabled=&#8220;off&#8220; button_one_bg_color__hover_enabled=&#8220;off&#8220; button_two_bg_color__hover_enabled=&#8220;off&#8220;][\/et_pb_contact_field][\/et_pb_contact_form][\/et_pb_column][\/et_pb_row][\/et_pb_section]<\/p>\n","protected":false},"excerpt":{"rendered":"<p>Willkommen bei Auto-Kuhn &#8211; Ihrem exklusiven Mitsubishi- und ORA- Vertragsh\u00e4ndler in Modau Seit stolzen 54 Jahren steht der Name Auto-Kuhn f\u00fcr Qualit\u00e4t, Zuverl\u00e4ssigkeit und Fachkompetenz. Als langj\u00e4hriger Mitsubishi-Vertragsh\u00e4ndler k\u00f6nnen wir auf eine 45-j\u00e4hrige exklusive Partnerschaft zur\u00fcckblicken. Unser Engagement geht jedoch weit \u00fcber den reinen Verkauf hinaus. Seit 28 Jahren bieten wir einen Instandsetzungsservice f\u00fcr elektronische [&hellip;]<\/p>\n","protected":false},"author":1,"featured_media":0,"parent":229,"menu_order":0,"comment_status":"closed","ping_status":"closed","template":"","meta":{"_et_pb_use_builder":"on","_et_pb_old_content":"","_et_gb_content_width":"","footnotes":""},"dipi_cpt_category":[],"class_list":["post-660","page","type-page","status-publish","hentry"],"_links":{"self":[{"href":"https:\/\/auto-kuhn.com\/Start\/wp-json\/wp\/v2\/pages\/660","targetHints":{"allow":["GET"]}}],"collection":[{"href":"https:\/\/auto-kuhn.com\/Start\/wp-json\/wp\/v2\/pages"}],"about":[{"href":"https:\/\/auto-kuhn.com\/Start\/wp-json\/wp\/v2\/types\/page"}],"author":[{"embeddable":true,"href":"https:\/\/auto-kuhn.com\/Start\/wp-json\/wp\/v2\/users\/1"}],"replies":[{"embeddable":true,"href":"https:\/\/auto-kuhn.com\/Start\/wp-json\/wp\/v2\/comments?post=660"}],"version-history":[{"count":7,"href":"https:\/\/auto-kuhn.com\/Start\/wp-json\/wp\/v2\/pages\/660\/revisions"}],"predecessor-version":[{"id":1625,"href":"https:\/\/auto-kuhn.com\/Start\/wp-json\/wp\/v2\/pages\/660\/revisions\/1625"}],"up":[{"embeddable":true,"href":"https:\/\/auto-kuhn.com\/Start\/wp-json\/wp\/v2\/pages\/229"}],"wp:attachment":[{"href":"https:\/\/auto-kuhn.com\/Start\/wp-json\/wp\/v2\/media?parent=660"}],"wp:term":[{"taxonomy":"dipi_cpt_category","embeddable":true,"href":"https:\/\/auto-kuhn.com\/Start\/wp-json\/wp\/v2\/dipi_cpt_category?post=660"}],"curies":[{"name":"wp","href":"https:\/\/api.w.org\/{rel}","templated":true}]}}